{"id":76,"date":"2014-08-24T17:14:26","date_gmt":"2014-08-24T17:14:26","guid":{"rendered":"http:\/\/192.168.1.104\/enfold-blog\/?page_id=2"},"modified":"2025-12-18T12:28:43","modified_gmt":"2025-12-18T11:28:43","slug":"lequipe-aflamo-qui-sommes-nous","status":"publish","type":"page","link":"https:\/\/aflamo.fr\/index.php\/lequipe-aflamo-qui-sommes-nous\/","title":{"rendered":"\u00c0 propos"},"content":{"rendered":"<div id='av_section_1'  class='avia-section av-91tzw-4cc5a00409cefe80c6c0d34741d92f71 main_color avia-section-default avia-no-border-styling  avia-builder-el-0  el_before_av_heading  avia-builder-el-first  avia-bg-style-scroll container_wrap sidebar_right'  ><div class='container av-section-cont-open' ><main  role=\"main\" itemprop=\"mainContentOfPage\"  class='template-page content  av-content-small alpha units'><div class='post-entry post-entry-type-page post-entry-76'><div class='entry-content-wrapper clearfix'>\n\n<style type=\"text\/css\" data-created_by=\"avia_inline_auto\" id=\"style-css-av-8pee0-cdeb7c9dd9c2fa81f384e8c9cfbe3020\">\n#top .flex_column.av-8pee0-cdeb7c9dd9c2fa81f384e8c9cfbe3020{\nmargin-top:-40px;\nmargin-bottom:0px;\n}\n.flex_column.av-8pee0-cdeb7c9dd9c2fa81f384e8c9cfbe3020{\nborder-radius:0px 0px 0px 0px;\npadding:0px 0px 0px 0px;\n}\n.responsive #top #wrap_all .flex_column.av-8pee0-cdeb7c9dd9c2fa81f384e8c9cfbe3020{\nmargin-top:-40px;\nmargin-bottom:0px;\n}\n<\/style>\n<div  class='flex_column av-8pee0-cdeb7c9dd9c2fa81f384e8c9cfbe3020 av_one_full  avia-builder-el-1  avia-builder-el-no-sibling  first flex_column_div av-zero-column-padding  '     ><div  class='avia-slideshow av-81j1w-e4d9e8ac8ee57f07970e5a7f86ae8ceb avia-slideshow-featured_large av_slideshow avia-fade-slider  avia-builder-el-2  avia-builder-el-no-sibling  av-slideshow-ui av-control-minimal av-slideshow-autoplay av-loop-endless av-loop-manual-endless av-default-height-applied avia-slideshow-1' data-slideshow-options=\"{&quot;animation&quot;:&quot;fade&quot;,&quot;autoplay&quot;:true,&quot;loop_autoplay&quot;:&quot;endless&quot;,&quot;interval&quot;:5,&quot;loop_manual&quot;:&quot;manual-endless&quot;,&quot;autoplay_stopper&quot;:false,&quot;noNavigation&quot;:false,&quot;bg_slider&quot;:false,&quot;keep_padding&quot;:false,&quot;hoverpause&quot;:false,&quot;show_slide_delay&quot;:0}\"  itemprop=\"image\" itemscope=\"itemscope\" itemtype=\"https:\/\/schema.org\/ImageObject\" ><ul class='avia-slideshow-inner ' style='padding-bottom: 42%;'><li  class='avia-slideshow-slide av-81j1w-e4d9e8ac8ee57f07970e5a7f86ae8ceb__0  av-single-slide slide-1 slide-odd'><div data-rel='slideshow-1' class='avia-slide-wrap '   ><img decoding=\"async\" fetchpriority=\"high\" class=\"wp-image-137 avia-img-lazy-loading-not-137\"  src=\"https:\/\/aflamo.fr\/wp-content\/uploads\/2025\/12\/Gold_room-shot-1-1500x630.jpg\" width=\"1500\" height=\"630\" title='Gold_room-shot' alt=''  itemprop=\"thumbnailUrl\"   \/><\/div><\/li><\/ul><\/div><\/div><\/div><\/div><\/main><!-- close content main element --><\/div><\/div><div id='after_section_1'  class='main_color av_default_container_wrap container_wrap sidebar_right'  ><div class='container av-section-cont-open' ><div class='template-page content  av-content-small alpha units'><div class='post-entry post-entry-type-page post-entry-76'><div class='entry-content-wrapper clearfix'>\n<style type=\"text\/css\" data-created_by=\"avia_inline_auto\" id=\"style-css-av-njqs-70298ebf1508cb0a57c4628591ddcb51\">\n#top .av-special-heading.av-njqs-70298ebf1508cb0a57c4628591ddcb51{\npadding-bottom:0;\nfont-size:30px;\n}\nbody .av-special-heading.av-njqs-70298ebf1508cb0a57c4628591ddcb51 .av-special-heading-tag .heading-char{\nfont-size:25px;\n}\n#top #wrap_all .av-special-heading.av-njqs-70298ebf1508cb0a57c4628591ddcb51 .av-special-heading-tag{\nfont-size:30px;\n}\n.av-special-heading.av-njqs-70298ebf1508cb0a57c4628591ddcb51 .av-subheading{\nfont-size:15px;\n}\n\n@media only screen and (min-width: 480px) and (max-width: 767px){ \n#top #wrap_all .av-special-heading.av-njqs-70298ebf1508cb0a57c4628591ddcb51 .av-special-heading-tag{\nfont-size:0.8em;\n}\n}\n\n@media only screen and (max-width: 479px){ \n#top #wrap_all .av-special-heading.av-njqs-70298ebf1508cb0a57c4628591ddcb51 .av-special-heading-tag{\nfont-size:0.8em;\n}\n}\n<\/style>\n<div  class='av-special-heading av-njqs-70298ebf1508cb0a57c4628591ddcb51 av-special-heading-h2 blockquote modern-quote modern-centered  avia-builder-el-3  el_after_av_section  el_before_av_hr  avia-builder-el-first  av-inherit-size'><h2 class='av-special-heading-tag '  itemprop=\"headline\"  >Salut ! Nous sommes l\u2019\u00e9quipe Aflamo !<\/h2><div class=\"special-heading-border\"><div class=\"special-heading-inner-border\"><\/div><\/div><\/div><\/p>\n\n<style type=\"text\/css\" data-created_by=\"avia_inline_auto\" id=\"style-css-av-5odp4-fe2b12fa813117032c37b7e61dfa9d2c\">\n#top .hr.av-5odp4-fe2b12fa813117032c37b7e61dfa9d2c{\nmargin-top:10px;\nmargin-bottom:10px;\n}\n.hr.av-5odp4-fe2b12fa813117032c37b7e61dfa9d2c .hr-inner{\nwidth:40px;\nborder-color:#f8f8f8;\n}\n<\/style>\n<div  class='hr av-5odp4-fe2b12fa813117032c37b7e61dfa9d2c hr-custom  avia-builder-el-4  el_after_av_heading  el_before_av_one_full  hr-center hr-icon-no'><span class='hr-inner inner-border-av-border-fat'><span class=\"hr-inner-style\"><\/span><\/span><\/div>\n\n<style type=\"text\/css\" data-created_by=\"avia_inline_auto\" id=\"style-css-av-4vhko-f4cb60f886f0d833eb7fe1bf8ef8fae2\">\n.flex_column.av-4vhko-f4cb60f886f0d833eb7fe1bf8ef8fae2{\nborder-radius:0px 0px 0px 0px;\npadding:0px 0px 0px 0px;\n}\n<\/style>\n<div  class='flex_column av-4vhko-f4cb60f886f0d833eb7fe1bf8ef8fae2 av_one_full  avia-builder-el-5  el_after_av_hr  el_before_av_one_half  first flex_column_div av-zero-column-padding  '     ><section  class='av_textblock_section av-4mzxw-840a474ce39e07ca55021fdb536279dd '   itemscope=\"itemscope\" itemtype=\"https:\/\/schema.org\/CreativeWork\" ><div class='avia_textblock'  itemprop=\"text\" ><p>Nous repr\u00e9sentons l&rsquo;une des marques les plus renomm\u00e9es du secteur des chemin\u00e9es \u00e9lectriques. Notre aventure a commenc\u00e9 en 2008.<\/p>\n<p>Notre passion nous a permis de proposer la plus vaste s\u00e9lection de chemin\u00e9es \u00e9lectriques murales du march\u00e9. En tant que leader, nous cr\u00e9ons des produits uniques et lan\u00e7ons les tendances.<\/p>\n<p>Notre objectif n&rsquo;est pas seulement de proposer des chemin\u00e9es, mais aussi de cr\u00e9er des produits uniques et d&rsquo;influencer les tendances dans ce domaine. La marque Aflamo est reconnue non seulement en Pologne, mais aussi dans de nombreux pays europ\u00e9ens.<\/p>\n<blockquote>\n<p>Nos chemin\u00e9es se distinguent par la diversit\u00e9 de leurs designs, leurs dimensions disponibles et leur large palette de couleurs, offrant des possibilit\u00e9s d&rsquo;am\u00e9nagement exceptionnelles pour les int\u00e9rieurs modernes et classiques. De plus, nos chemin\u00e9es Aflamo sont faciles \u00e0 installer, s\u00fbres d&rsquo;utilisation et \u00e9cologiques, un aspect important pour notre environnement.<\/p>\n<\/blockquote>\n<p>Nous poursuivons avec fiert\u00e9 notre mission, en nous effor\u00e7ant de r\u00e9pondre aux attentes de nos clients et d&rsquo;\u00e9largir constamment notre gamme de produits afin de demeurer un chef de file du secteur des chemin\u00e9es \u00e9lectriques.<\/p>\n<p>Nous remercions nos clients pour la confiance qu&rsquo;ils nous t\u00e9moignent, qui nous motive \u00e0 continuer de travailler et d&rsquo;am\u00e9liorer nos produits.<\/p>\n<p>Bonjour, ici l&rsquo;\u00e9quipe Aflamo. Nous repr\u00e9sentons l&rsquo;une des marques les plus renomm\u00e9es du secteur des chemin\u00e9es \u00e9lectriques.<\/p>\n<\/div><\/section><\/div><div  class='flex_column av-3qu2k-ca784cbe7cb68038cdac43a3da12baf7 av_one_half  avia-builder-el-7  el_after_av_one_full  el_before_av_one_half  first flex_column_div  column-top-margin'     ><div  class=\"avia-animated-number av-3fmtw-1fb12717f5c8d329187844c907e7976f av-force-default-color avia_animate_when_visible  avia-builder-el-8  avia-builder-el-no-sibling  \" data-timer=\"3000\"><strong class=\"heading avia-animated-number-title\"><span class=\"avia-single-number __av-single-number\" data-number_format=\"\" data-number=\"312\" data-start_from=\"0\">312<\/span><span class='avia-animated-number-icon av-icon-after-number av-icon-char' aria-hidden='true' data-av_icon='\ue836' data-av_iconfont='entypo-fontello'><\/span><\/strong><div class=\"avia-animated-number-content\"><p>posts written<\/p>\n<\/div><\/div><\/div><\/p>\n\n<style type=\"text\/css\" data-created_by=\"avia_inline_auto\" id=\"style-css-av-2t4ew-ecdbd0eeaa737b6ff2a78f2dd8a9a6e3\">\n.flex_column.av-2t4ew-ecdbd0eeaa737b6ff2a78f2dd8a9a6e3{\nborder-radius:0px 0px 0px 0px;\npadding:0px 0px 0px 0px;\n}\n<\/style>\n<div  class='flex_column av-2t4ew-ecdbd0eeaa737b6ff2a78f2dd8a9a6e3 av_one_half  avia-builder-el-9  el_after_av_one_half  avia-builder-el-last  flex_column_div av-zero-column-padding  column-top-margin'     ><div  class=\"avia-animated-number av-24k8c-0eb45c6064a8cd084e24cd38b73fd03d av-force-default-color avia_animate_when_visible  avia-builder-el-10  avia-builder-el-no-sibling  \" data-timer=\"3000\"><strong class=\"heading avia-animated-number-title\"><span class=\"avia-single-number __av-single-number\" data-number_format=\"\" data-number=\"25400\" data-start_from=\"0\">25400<\/span><span class='avia-animated-number-icon av-icon-after-number av-icon-char' aria-hidden='true' data-av_icon='\ue806' data-av_iconfont='entypo-fontello'><\/span><\/strong><div class=\"avia-animated-number-content\"><p>visitors entertained<\/p>\n<\/div><\/div><\/div>\n","protected":false},"excerpt":{"rendered":"","protected":false},"author":1,"featured_media":0,"parent":0,"menu_order":0,"comment_status":"open","ping_status":"closed","template":"","meta":{"footnotes":""},"class_list":["post-76","page","type-page","status-publish","hentry"],"yoast_head":"<!-- This site is optimized with the Yoast SEO plugin v26.4 - https:\/\/yoast.com\/wordpress\/plugins\/seo\/ -->\n<title>L&#039;\u00e9quipe Aflamo - Qui sommes-nous ?<\/title>\n<meta name=\"description\" content=\"Bonjour, nous sommes l&#039;\u00e9quipe Aflamo. Nous repr\u00e9sentons l&#039;une des marques les plus renomm\u00e9es du secteur des chemin\u00e9es \u00e9lectriques.\" \/>\n<meta name=\"robots\" content=\"index, follow, max-snippet:-1, max-image-preview:large, max-video-preview:-1\" \/>\n<link rel=\"canonical\" href=\"https:\/\/aflamo.fr\/index.php\/lequipe-aflamo-qui-sommes-nous\/\" \/>\n<meta property=\"og:locale\" content=\"fr_FR\" \/>\n<meta property=\"og:type\" content=\"article\" \/>\n<meta property=\"og:title\" content=\"L&#039;\u00e9quipe Aflamo - Qui sommes-nous ?\" \/>\n<meta property=\"og:description\" content=\"Bonjour, nous sommes l&#039;\u00e9quipe Aflamo. Nous repr\u00e9sentons l&#039;une des marques les plus renomm\u00e9es du secteur des chemin\u00e9es \u00e9lectriques.\" \/>\n<meta property=\"og:url\" content=\"https:\/\/aflamo.fr\/index.php\/lequipe-aflamo-qui-sommes-nous\/\" \/>\n<meta property=\"og:site_name\" content=\"Aflamo\" \/>\n<meta property=\"article:modified_time\" content=\"2025-12-18T11:28:43+00:00\" \/>\n<meta name=\"twitter:card\" content=\"summary_large_image\" \/>\n<meta name=\"twitter:label1\" content=\"Dur\u00e9e de lecture estim\u00e9e\" \/>\n\t<meta name=\"twitter:data1\" content=\"2 minutes\" \/>\n<script type=\"application\/ld+json\" class=\"yoast-schema-graph\">{\"@context\":\"https:\/\/schema.org\",\"@graph\":[{\"@type\":\"WebPage\",\"@id\":\"https:\/\/aflamo.fr\/index.php\/lequipe-aflamo-qui-sommes-nous\/\",\"url\":\"https:\/\/aflamo.fr\/index.php\/lequipe-aflamo-qui-sommes-nous\/\",\"name\":\"L'\u00e9quipe Aflamo - Qui sommes-nous ?\",\"isPartOf\":{\"@id\":\"https:\/\/aflamo.fr\/#website\"},\"datePublished\":\"2014-08-24T17:14:26+00:00\",\"dateModified\":\"2025-12-18T11:28:43+00:00\",\"description\":\"Bonjour, nous sommes l'\u00e9quipe Aflamo. Nous repr\u00e9sentons l'une des marques les plus renomm\u00e9es du secteur des chemin\u00e9es \u00e9lectriques.\",\"breadcrumb\":{\"@id\":\"https:\/\/aflamo.fr\/index.php\/lequipe-aflamo-qui-sommes-nous\/#breadcrumb\"},\"inLanguage\":\"fr-FR\",\"potentialAction\":[{\"@type\":\"ReadAction\",\"target\":[\"https:\/\/aflamo.fr\/index.php\/lequipe-aflamo-qui-sommes-nous\/\"]}]},{\"@type\":\"BreadcrumbList\",\"@id\":\"https:\/\/aflamo.fr\/index.php\/lequipe-aflamo-qui-sommes-nous\/#breadcrumb\",\"itemListElement\":[{\"@type\":\"ListItem\",\"position\":1,\"name\":\"Strona g\u0142\u00f3wna\",\"item\":\"https:\/\/aflamo.fr\/index.php\/accueil\/\"},{\"@type\":\"ListItem\",\"position\":2,\"name\":\"\u00c0 propos\"}]},{\"@type\":\"WebSite\",\"@id\":\"https:\/\/aflamo.fr\/#website\",\"url\":\"https:\/\/aflamo.fr\/\",\"name\":\"Aflamo\",\"description\":\"\",\"potentialAction\":[{\"@type\":\"SearchAction\",\"target\":{\"@type\":\"EntryPoint\",\"urlTemplate\":\"https:\/\/aflamo.fr\/?s={search_term_string}\"},\"query-input\":{\"@type\":\"PropertyValueSpecification\",\"valueRequired\":true,\"valueName\":\"search_term_string\"}}],\"inLanguage\":\"fr-FR\"}]}<\/script>\n<!-- \/ Yoast SEO plugin. -->","yoast_head_json":{"title":"L'\u00e9quipe Aflamo - Qui sommes-nous ?","description":"Bonjour, nous sommes l'\u00e9quipe Aflamo. Nous repr\u00e9sentons l'une des marques les plus renomm\u00e9es du secteur des chemin\u00e9es \u00e9lectriques.","robots":{"index":"index","follow":"follow","max-snippet":"max-snippet:-1","max-image-preview":"max-image-preview:large","max-video-preview":"max-video-preview:-1"},"canonical":"https:\/\/aflamo.fr\/index.php\/lequipe-aflamo-qui-sommes-nous\/","og_locale":"fr_FR","og_type":"article","og_title":"L'\u00e9quipe Aflamo - Qui sommes-nous ?","og_description":"Bonjour, nous sommes l'\u00e9quipe Aflamo. Nous repr\u00e9sentons l'une des marques les plus renomm\u00e9es du secteur des chemin\u00e9es \u00e9lectriques.","og_url":"https:\/\/aflamo.fr\/index.php\/lequipe-aflamo-qui-sommes-nous\/","og_site_name":"Aflamo","article_modified_time":"2025-12-18T11:28:43+00:00","twitter_card":"summary_large_image","twitter_misc":{"Dur\u00e9e de lecture estim\u00e9e":"2 minutes"},"schema":{"@context":"https:\/\/schema.org","@graph":[{"@type":"WebPage","@id":"https:\/\/aflamo.fr\/index.php\/lequipe-aflamo-qui-sommes-nous\/","url":"https:\/\/aflamo.fr\/index.php\/lequipe-aflamo-qui-sommes-nous\/","name":"L'\u00e9quipe Aflamo - Qui sommes-nous ?","isPartOf":{"@id":"https:\/\/aflamo.fr\/#website"},"datePublished":"2014-08-24T17:14:26+00:00","dateModified":"2025-12-18T11:28:43+00:00","description":"Bonjour, nous sommes l'\u00e9quipe Aflamo. Nous repr\u00e9sentons l'une des marques les plus renomm\u00e9es du secteur des chemin\u00e9es \u00e9lectriques.","breadcrumb":{"@id":"https:\/\/aflamo.fr\/index.php\/lequipe-aflamo-qui-sommes-nous\/#breadcrumb"},"inLanguage":"fr-FR","potentialAction":[{"@type":"ReadAction","target":["https:\/\/aflamo.fr\/index.php\/lequipe-aflamo-qui-sommes-nous\/"]}]},{"@type":"BreadcrumbList","@id":"https:\/\/aflamo.fr\/index.php\/lequipe-aflamo-qui-sommes-nous\/#breadcrumb","itemListElement":[{"@type":"ListItem","position":1,"name":"Strona g\u0142\u00f3wna","item":"https:\/\/aflamo.fr\/index.php\/accueil\/"},{"@type":"ListItem","position":2,"name":"\u00c0 propos"}]},{"@type":"WebSite","@id":"https:\/\/aflamo.fr\/#website","url":"https:\/\/aflamo.fr\/","name":"Aflamo","description":"","potentialAction":[{"@type":"SearchAction","target":{"@type":"EntryPoint","urlTemplate":"https:\/\/aflamo.fr\/?s={search_term_string}"},"query-input":{"@type":"PropertyValueSpecification","valueRequired":true,"valueName":"search_term_string"}}],"inLanguage":"fr-FR"}]}},"_links":{"self":[{"href":"https:\/\/aflamo.fr\/index.php\/wp-json\/wp\/v2\/pages\/76","targetHints":{"allow":["GET"]}}],"collection":[{"href":"https:\/\/aflamo.fr\/index.php\/wp-json\/wp\/v2\/pages"}],"about":[{"href":"https:\/\/aflamo.fr\/index.php\/wp-json\/wp\/v2\/types\/page"}],"author":[{"embeddable":true,"href":"https:\/\/aflamo.fr\/index.php\/wp-json\/wp\/v2\/users\/1"}],"replies":[{"embeddable":true,"href":"https:\/\/aflamo.fr\/index.php\/wp-json\/wp\/v2\/comments?post=76"}],"version-history":[{"count":3,"href":"https:\/\/aflamo.fr\/index.php\/wp-json\/wp\/v2\/pages\/76\/revisions"}],"predecessor-version":[{"id":138,"href":"https:\/\/aflamo.fr\/index.php\/wp-json\/wp\/v2\/pages\/76\/revisions\/138"}],"wp:attachment":[{"href":"https:\/\/aflamo.fr\/index.php\/wp-json\/wp\/v2\/media?parent=76"}],"curies":[{"name":"wp","href":"https:\/\/api.w.org\/{rel}","templated":true}]}}