{"id":77,"date":"2014-08-24T17:28:24","date_gmt":"2014-08-24T17:28:24","guid":{"rendered":"http:\/\/192.168.1.104\/enfold-blog\/?page_id=13"},"modified":"2026-04-08T14:25:02","modified_gmt":"2026-04-08T12:25:02","slug":"contact-contactez-nous","status":"publish","type":"page","link":"https:\/\/aflamo.fr\/index.php\/contact-contactez-nous\/","title":{"rendered":"Contact"},"content":{"rendered":"\n<style type=\"text\/css\" data-created_by=\"avia_inline_auto\" id=\"style-css-av-5m1wh-7c60fb22454c8409bceabc32939dc8ec\">\n#top .av-special-heading.av-5m1wh-7c60fb22454c8409bceabc32939dc8ec{\npadding-bottom:0;\nfont-size:30px;\n}\nbody .av-special-heading.av-5m1wh-7c60fb22454c8409bceabc32939dc8ec .av-special-heading-tag .heading-char{\nfont-size:25px;\n}\n#top #wrap_all .av-special-heading.av-5m1wh-7c60fb22454c8409bceabc32939dc8ec .av-special-heading-tag{\nfont-size:30px;\n}\n.av-special-heading.av-5m1wh-7c60fb22454c8409bceabc32939dc8ec .av-subheading{\nfont-size:15px;\n}\n\n@media only screen and (min-width: 480px) and (max-width: 767px){ \n#top #wrap_all .av-special-heading.av-5m1wh-7c60fb22454c8409bceabc32939dc8ec .av-special-heading-tag{\nfont-size:0.8em;\n}\n}\n\n@media only screen and (max-width: 479px){ \n#top #wrap_all .av-special-heading.av-5m1wh-7c60fb22454c8409bceabc32939dc8ec .av-special-heading-tag{\nfont-size:0.8em;\n}\n}\n<\/style>\n<div  class='av-special-heading av-5m1wh-7c60fb22454c8409bceabc32939dc8ec av-special-heading-h2 blockquote modern-quote modern-centered  avia-builder-el-0  el_before_av_hr  avia-builder-el-first  av-inherit-size'><h2 class='av-special-heading-tag '  itemprop=\"headline\"  >Contactez-nous!<\/h2><div class=\"special-heading-border\"><div class=\"special-heading-inner-border\"><\/div><\/div><\/div>\n\n<style type=\"text\/css\" data-created_by=\"avia_inline_auto\" id=\"style-css-av-5bhyp-02ef9ab86dd93d91fc85062ea153b76d\">\n#top .hr.av-5bhyp-02ef9ab86dd93d91fc85062ea153b76d{\nmargin-top:10px;\nmargin-bottom:10px;\n}\n.hr.av-5bhyp-02ef9ab86dd93d91fc85062ea153b76d .hr-inner{\nwidth:40px;\nborder-color:#f8f8f8;\n}\n<\/style>\n<div  class='hr av-5bhyp-02ef9ab86dd93d91fc85062ea153b76d hr-custom  avia-builder-el-1  el_after_av_heading  el_before_av_textblock  hr-center hr-icon-no'><span class='hr-inner inner-border-av-border-fat'><span class=\"hr-inner-style\"><\/span><\/span><\/div>\n<section  class='av_textblock_section av-4aarl-e79a9d1651d5de01e497130404335a00 '   itemscope=\"itemscope\" itemtype=\"https:\/\/schema.org\/CreativeWork\" ><div class='avia_textblock'  itemprop=\"text\" ><p><span dir=\"auto\" style=\"vertical-align: inherit;\"><span dir=\"auto\" style=\"vertical-align: inherit;\">W razie pyta\u0144 dotycz\u0105cych komink\u00f3w elektrycznych lub bioetanolowych, a tak\u017ce ch\u0119ci zakupu kominka Aflamo, prosimy o kontakt telefoniczny lub mailowy. Odpowiemy na wszystkie Pa\u0144stwa pytania.<\/span><\/span><\/p>\n<p><span dir=\"auto\" style=\"vertical-align: inherit;\"><span dir=\"auto\" style=\"vertical-align: inherit;\">Adres: <\/span><\/span><br \/>\n<span dir=\"auto\" style=\"vertical-align: inherit;\"><span dir=\"auto\" style=\"vertical-align: inherit;\"> Aflamo Kominki Elektryczne i Bioetanolowe <\/span><\/span><br \/>\n<span dir=\"auto\" style=\"vertical-align: inherit;\"><span dir=\"auto\" style=\"vertical-align: inherit;\"> , ul. Lipowa 67B, <\/span><\/span><br \/>\n<span dir=\"auto\" style=\"vertical-align: inherit;\"><span dir=\"auto\" style=\"vertical-align: inherit;\"> 84-230 Rumia<\/span><\/span><\/p>\n<p><span dir=\"auto\" style=\"vertical-align: inherit;\"><span dir=\"auto\" style=\"vertical-align: inherit;\">Ze wzgl\u0119du na cz\u0119\u015bciow\u0105 prac\u0119 zdaln\u0105 prosimy o wcze\u015bniejsze umawianie wizyt.<\/span><\/span><\/p>\n<p><span dir=\"auto\" style=\"vertical-align: inherit;\"><span dir=\"auto\" style=\"vertical-align: inherit;\">Tel.: <\/span><\/span><br \/>\n<span dir=\"auto\" style=\"vertical-align: inherit;\"><span dir=\"auto\" style=\"vertical-align: inherit;\">+48 733 222 392 <\/span><\/span><br \/>\n<span dir=\"auto\" style=\"vertical-align: inherit;\"><span dir=\"auto\" style=\"vertical-align: inherit;\">+48 504 924 921<\/span><\/span><\/p>\n<p><span dir=\"auto\" style=\"vertical-align: inherit;\"><span dir=\"auto\" style=\"vertical-align: inherit;\">Godziny otwarcia <\/span><\/span><br \/>\n<span dir=\"auto\" style=\"vertical-align: inherit;\"><span dir=\"auto\" style=\"vertical-align: inherit;\"> : Poniedzia\u0142ek &#8211; Pi\u0105tek: 9:00 &#8211; 16:00 <\/span><\/span><br \/>\n<span dir=\"auto\" style=\"vertical-align: inherit;\"><span dir=\"auto\" style=\"vertical-align: inherit;\"> Sobota i Niedziela: Zamkni\u0119te<\/span><\/span><\/p>\n<\/div><\/section>\n\n<style type=\"text\/css\" data-created_by=\"avia_inline_auto\" id=\"style-css-av-40yqd-5040091297078687e35582a5aafd24df\">\n#top .hr.hr-invisible.av-40yqd-5040091297078687e35582a5aafd24df{\nheight:50px;\n}\n<\/style>\n<div  class='hr av-40yqd-5040091297078687e35582a5aafd24df hr-invisible  avia-builder-el-3  el_after_av_textblock  el_before_av_contact '><span class='hr-inner '><span class=\"hr-inner-style\"><\/span><\/span><\/div>\n<form action=\"https:\/\/aflamo.fr\/index.php\/contact-contactez-nous\/\" method=\"post\" data-fields-with-error=\"Erreurs trouv\u00e9es dans les champs suivants :\" class=\"avia_ajax_form av-form-labels-visible   avia-builder-el-4  el_after_av_hr  avia-builder-el-last   \" data-avia-form-id=\"1\" data-avia-redirect='' ><h3 class=''>Send me mail<\/h3><fieldset><p class='  first_form  form_element form_fullwidth' id='element_avia_1_1'><label for=\"avia_1_1\">Name <abbr class=\"required\" title=\"requis(e)\">*<\/abbr><\/label> <input name=\"avia_1_1\" class=\"text_input is_empty\" type=\"text\" id=\"avia_1_1\" value=\"\" \/><\/p><p class='  first_form  form_element form_fullwidth' id='element_avia_2_1'><label for=\"avia_2_1\">E-Mail <abbr class=\"required\" title=\"requis(e)\">*<\/abbr><\/label> <input name=\"avia_2_1\" class=\"text_input is_email\" type=\"text\" id=\"avia_2_1\" value=\"\" \/><\/p><p class='  first_form  form_element form_fullwidth' id='element_avia_3_1'><label for=\"avia_3_1\">Subject <abbr class=\"required\" title=\"requis(e)\">*<\/abbr><\/label> <input name=\"avia_3_1\" class=\"text_input is_empty\" type=\"text\" id=\"avia_3_1\" value=\"\" \/><\/p><p class='  first_form  form_element form_fullwidth av-last-visible-form-element' id='element_avia_4_1'><label for=\"avia_4_1\" class=\"textare_label hidden textare_label_avia_4_1\">Message <abbr class=\"required\" title=\"requis(e)\">*<\/abbr><\/label><textarea  name=\"avia_4_1\" class=\"text_area is_empty\" cols=\"40\" rows=\"7\" id=\"avia_4_1\" ><\/textarea><\/p><p class=\"hidden\"><input type=\"text\" name=\"avia_5_1\" class=\"hidden \" id=\"avia_5_1\" value=\"\" \/><\/p><p class=\"form_element \"><input type=\"hidden\" value=\"1\" name=\"avia_generated_form1\" \/><input type=\"submit\" value=\"Submit\" class=\"button\"  data-sending-label=\"Envoi\"\/><\/p><\/fieldset><\/form><div id=\"ajaxresponse_1\" class=\"ajaxresponse ajaxresponse_1 hidden\"><\/div>\n","protected":false},"excerpt":{"rendered":"","protected":false},"author":1,"featured_media":0,"parent":0,"menu_order":0,"comment_status":"open","ping_status":"closed","template":"","meta":{"footnotes":""},"class_list":["post-77","page","type-page","status-publish","hentry"],"yoast_head":"<!-- This site is optimized with the Yoast SEO plugin v26.4 - https:\/\/yoast.com\/wordpress\/plugins\/seo\/ -->\n<title>Contact - Contactez-nous!<\/title>\n<meta name=\"description\" content=\"Vous trouverez ici les coordonn\u00e9es de notre \u00e9quipe Aflamo. Nous sommes joignables par t\u00e9l\u00e9phone et au bureau, du lundi au vendredi.\" \/>\n<meta name=\"robots\" content=\"index, follow, max-snippet:-1, max-image-preview:large, max-video-preview:-1\" \/>\n<link rel=\"canonical\" href=\"https:\/\/aflamo.fr\/index.php\/contact-contactez-nous\/\" \/>\n<meta property=\"og:locale\" content=\"fr_FR\" \/>\n<meta property=\"og:type\" content=\"article\" \/>\n<meta property=\"og:title\" content=\"Contact - Contactez-nous!\" \/>\n<meta property=\"og:description\" content=\"Vous trouverez ici les coordonn\u00e9es de notre \u00e9quipe Aflamo. Nous sommes joignables par t\u00e9l\u00e9phone et au bureau, du lundi au vendredi.\" \/>\n<meta property=\"og:url\" content=\"https:\/\/aflamo.fr\/index.php\/contact-contactez-nous\/\" \/>\n<meta property=\"og:site_name\" content=\"Aflamo\" \/>\n<meta property=\"article:modified_time\" content=\"2026-04-08T12:25:02+00:00\" \/>\n<meta name=\"twitter:card\" content=\"summary_large_image\" \/>\n<meta name=\"twitter:label1\" content=\"Dur\u00e9e de lecture estim\u00e9e\" \/>\n\t<meta name=\"twitter:data1\" content=\"1 minute\" \/>\n<script type=\"application\/ld+json\" class=\"yoast-schema-graph\">{\"@context\":\"https:\/\/schema.org\",\"@graph\":[{\"@type\":\"WebPage\",\"@id\":\"https:\/\/aflamo.fr\/index.php\/contact-contactez-nous\/\",\"url\":\"https:\/\/aflamo.fr\/index.php\/contact-contactez-nous\/\",\"name\":\"Contact - Contactez-nous!\",\"isPartOf\":{\"@id\":\"https:\/\/aflamo.fr\/#website\"},\"datePublished\":\"2014-08-24T17:28:24+00:00\",\"dateModified\":\"2026-04-08T12:25:02+00:00\",\"description\":\"Vous trouverez ici les coordonn\u00e9es de notre \u00e9quipe Aflamo. Nous sommes joignables par t\u00e9l\u00e9phone et au bureau, du lundi au vendredi.\",\"breadcrumb\":{\"@id\":\"https:\/\/aflamo.fr\/index.php\/contact-contactez-nous\/#breadcrumb\"},\"inLanguage\":\"fr-FR\",\"potentialAction\":[{\"@type\":\"ReadAction\",\"target\":[\"https:\/\/aflamo.fr\/index.php\/contact-contactez-nous\/\"]}]},{\"@type\":\"BreadcrumbList\",\"@id\":\"https:\/\/aflamo.fr\/index.php\/contact-contactez-nous\/#breadcrumb\",\"itemListElement\":[{\"@type\":\"ListItem\",\"position\":1,\"name\":\"Strona g\u0142\u00f3wna\",\"item\":\"https:\/\/aflamo.fr\/index.php\/accueil\/\"},{\"@type\":\"ListItem\",\"position\":2,\"name\":\"Contact\"}]},{\"@type\":\"WebSite\",\"@id\":\"https:\/\/aflamo.fr\/#website\",\"url\":\"https:\/\/aflamo.fr\/\",\"name\":\"Aflamo\",\"description\":\"\",\"potentialAction\":[{\"@type\":\"SearchAction\",\"target\":{\"@type\":\"EntryPoint\",\"urlTemplate\":\"https:\/\/aflamo.fr\/?s={search_term_string}\"},\"query-input\":{\"@type\":\"PropertyValueSpecification\",\"valueRequired\":true,\"valueName\":\"search_term_string\"}}],\"inLanguage\":\"fr-FR\"}]}<\/script>\n<!-- \/ Yoast SEO plugin. -->","yoast_head_json":{"title":"Contact - Contactez-nous!","description":"Vous trouverez ici les coordonn\u00e9es de notre \u00e9quipe Aflamo. Nous sommes joignables par t\u00e9l\u00e9phone et au bureau, du lundi au vendredi.","robots":{"index":"index","follow":"follow","max-snippet":"max-snippet:-1","max-image-preview":"max-image-preview:large","max-video-preview":"max-video-preview:-1"},"canonical":"https:\/\/aflamo.fr\/index.php\/contact-contactez-nous\/","og_locale":"fr_FR","og_type":"article","og_title":"Contact - Contactez-nous!","og_description":"Vous trouverez ici les coordonn\u00e9es de notre \u00e9quipe Aflamo. Nous sommes joignables par t\u00e9l\u00e9phone et au bureau, du lundi au vendredi.","og_url":"https:\/\/aflamo.fr\/index.php\/contact-contactez-nous\/","og_site_name":"Aflamo","article_modified_time":"2026-04-08T12:25:02+00:00","twitter_card":"summary_large_image","twitter_misc":{"Dur\u00e9e de lecture estim\u00e9e":"1 minute"},"schema":{"@context":"https:\/\/schema.org","@graph":[{"@type":"WebPage","@id":"https:\/\/aflamo.fr\/index.php\/contact-contactez-nous\/","url":"https:\/\/aflamo.fr\/index.php\/contact-contactez-nous\/","name":"Contact - Contactez-nous!","isPartOf":{"@id":"https:\/\/aflamo.fr\/#website"},"datePublished":"2014-08-24T17:28:24+00:00","dateModified":"2026-04-08T12:25:02+00:00","description":"Vous trouverez ici les coordonn\u00e9es de notre \u00e9quipe Aflamo. Nous sommes joignables par t\u00e9l\u00e9phone et au bureau, du lundi au vendredi.","breadcrumb":{"@id":"https:\/\/aflamo.fr\/index.php\/contact-contactez-nous\/#breadcrumb"},"inLanguage":"fr-FR","potentialAction":[{"@type":"ReadAction","target":["https:\/\/aflamo.fr\/index.php\/contact-contactez-nous\/"]}]},{"@type":"BreadcrumbList","@id":"https:\/\/aflamo.fr\/index.php\/contact-contactez-nous\/#breadcrumb","itemListElement":[{"@type":"ListItem","position":1,"name":"Strona g\u0142\u00f3wna","item":"https:\/\/aflamo.fr\/index.php\/accueil\/"},{"@type":"ListItem","position":2,"name":"Contact"}]},{"@type":"WebSite","@id":"https:\/\/aflamo.fr\/#website","url":"https:\/\/aflamo.fr\/","name":"Aflamo","description":"","potentialAction":[{"@type":"SearchAction","target":{"@type":"EntryPoint","urlTemplate":"https:\/\/aflamo.fr\/?s={search_term_string}"},"query-input":{"@type":"PropertyValueSpecification","valueRequired":true,"valueName":"search_term_string"}}],"inLanguage":"fr-FR"}]}},"_links":{"self":[{"href":"https:\/\/aflamo.fr\/index.php\/wp-json\/wp\/v2\/pages\/77","targetHints":{"allow":["GET"]}}],"collection":[{"href":"https:\/\/aflamo.fr\/index.php\/wp-json\/wp\/v2\/pages"}],"about":[{"href":"https:\/\/aflamo.fr\/index.php\/wp-json\/wp\/v2\/types\/page"}],"author":[{"embeddable":true,"href":"https:\/\/aflamo.fr\/index.php\/wp-json\/wp\/v2\/users\/1"}],"replies":[{"embeddable":true,"href":"https:\/\/aflamo.fr\/index.php\/wp-json\/wp\/v2\/comments?post=77"}],"version-history":[{"count":3,"href":"https:\/\/aflamo.fr\/index.php\/wp-json\/wp\/v2\/pages\/77\/revisions"}],"predecessor-version":[{"id":171,"href":"https:\/\/aflamo.fr\/index.php\/wp-json\/wp\/v2\/pages\/77\/revisions\/171"}],"wp:attachment":[{"href":"https:\/\/aflamo.fr\/index.php\/wp-json\/wp\/v2\/media?parent=77"}],"curies":[{"name":"wp","href":"https:\/\/api.w.org\/{rel}","templated":true}]}}